{"id":149,"date":"2016-07-06T09:57:47","date_gmt":"2016-07-06T09:57:47","guid":{"rendered":"http:\/\/fzmaur.ro\/wordpress\/?page_id=149"},"modified":"2016-07-07T12:28:35","modified_gmt":"2016-07-07T12:28:35","slug":"activitati","status":"publish","type":"page","link":"https:\/\/fzmaur.ro\/wordpress\/?page_id=149","title":{"rendered":"Activit\u0103\u0163i"},"content":{"rendered":"<ul>\n<li>Ini\u0163ierea \u015fi sus\u0163inerea activit\u0103\u0163ilor pentru promovarea intereselor comune ale membrilor FZMAUR \u00een rela\u0163iile cu Pre\u015fedintele Rom\u00e2niei, Parlamentul Rom\u00e2niei, Guvernul Rom\u00e2niei, alte autorit\u0103\u0163i publice, precum \u015fi \u00een rela\u0163iile cu institu\u0163ii \u015fi organisme interna\u0163ionale.<\/li>\n<\/ul>\n<p>&nbsp;<\/p>\n<ul>\n<li>Organizarea de \u00eentruniri, conferin\u0163e, dezbateri, mese rotunde, seminarii, sesiuni de comunic\u0103ri, precum \u015fi orice alte forme care nu contravin ordinii de drept.<\/li>\n<\/ul>\n<p>&nbsp;<\/p>\n<ul>\n<li>Editarea de publica\u0163ii proprii sau \u00een cooperare\/colaborare cu alte entit\u0103\u0163i din \u0163ar\u0103 sau str\u0103in\u0103tate.<\/li>\n<\/ul>\n<p>&nbsp;<\/p>\n<ul>\n<li>Adoptarea de hot\u0103r\u00e2ri sau decizii, \u00een condi\u0163iile prezentului statut.<\/li>\n<\/ul>\n<p>&nbsp;<\/p>\n<ul>\n<li>Organizarea de sesiuni de comunic\u0103ri pentru prezentarea lucr\u0103rilor cu caracter \u015ftiin\u0163ific.<\/li>\n<\/ul>\n<p>&nbsp;<\/p>\n<ul>\n<li>Organizarea de schimburi de experien\u0163\u0103, stagii de instruire \u015fi formare \u00een \u0163ar\u0103 \u015fi str\u0103in\u0103tate.<\/li>\n<\/ul>\n<p>&nbsp;<\/p>\n<ul>\n<li>Ini\u0163ierea de activit\u0103\u0163i de lobby in condi\u0163iile legii pentru promovarea intereselor autorit\u0103\u0163ilor publice \u015fi colectivit\u0103\u0163ilor locale pe care acestea le reprezint\u0103.<\/li>\n<\/ul>\n<p>&nbsp;<\/p>\n<ul>\n<li>Alte forme \u015fi mijloace stabilite de Adunarea General\u0103 sau de Consiliul Director.<\/li>\n<\/ul>\n","protected":false},"excerpt":{"rendered":"<p>Ini\u0163ierea \u015fi sus\u0163inerea activit\u0103\u0163ilor pentru promovarea intereselor comune ale membrilor FZMAUR \u00een rela\u0163iile cu Pre\u015fedintele Rom\u00e2niei, Parlamentul Rom\u00e2niei, Guvernul Rom\u00e2niei, alte autorit\u0103\u0163i publice, precum \u015fi \u00een rela\u0163iile cu institu\u0163ii \u015fi organisme interna\u0163ionale. &nbsp; Organizarea de \u00eentruniri, conferin\u0163e, dezbateri, mese rotunde, seminarii, sesiuni de comunic\u0103ri, precum \u015fi orice alte forme care nu contravin ordinii de drept. <a href=\"https:\/\/fzmaur.ro\/wordpress\/?page_id=149\" rel=\"nofollow\"><span class=\"sr-only\">Read more about Activit\u0103\u0163i<\/span>[&hellip;]<\/a><\/p>\n","protected":false},"author":2,"featured_media":0,"parent":0,"menu_order":0,"comment_status":"closed","ping_status":"closed","template":"","meta":[],"_links":{"self":[{"href":"https:\/\/fzmaur.ro\/wordpress\/index.php?rest_route=\/wp\/v2\/pages\/149"}],"collection":[{"href":"https:\/\/fzmaur.ro\/wordpress\/index.php?rest_route=\/wp\/v2\/pages"}],"about":[{"href":"https:\/\/fzmaur.ro\/wordpress\/index.php?rest_route=\/wp\/v2\/types\/page"}],"author":[{"embeddable":true,"href":"https:\/\/fzmaur.ro\/wordpress\/index.php?rest_route=\/wp\/v2\/users\/2"}],"replies":[{"embeddable":true,"href":"https:\/\/fzmaur.ro\/wordpress\/index.php?rest_route=%2Fwp%2Fv2%2Fcomments&post=149"}],"version-history":[{"count":5,"href":"https:\/\/fzmaur.ro\/wordpress\/index.php?rest_route=\/wp\/v2\/pages\/149\/revisions"}],"predecessor-version":[{"id":210,"href":"https:\/\/fzmaur.ro\/wordpress\/index.php?rest_route=\/wp\/v2\/pages\/149\/revisions\/210"}],"wp:attachment":[{"href":"https:\/\/fzmaur.ro\/wordpress\/index.php?rest_route=%2Fwp%2Fv2%2Fmedia&parent=149"}],"curies":[{"name":"wp","href":"https:\/\/api.w.org\/{rel}","templated":true}]}}